{"id":400,"date":"2023-03-02T18:13:30","date_gmt":"2023-03-02T17:13:30","guid":{"rendered":"https:\/\/ehpad-mandelieu.fr\/?page_id=400"},"modified":"2024-07-22T10:35:04","modified_gmt":"2024-07-22T08:35:04","slug":"accueil","status":"publish","type":"page","link":"https:\/\/ehpad-mandelieu.fr\/","title":{"rendered":"Accueil"},"content":{"rendered":"<div class=\"wp-block-image\">\n<figure class=\"aligncenter size-large\"><img loading=\"lazy\" decoding=\"async\" width=\"1024\" height=\"356\" src=\"https:\/\/ehpad-mandelieu.fr\/wp-content\/uploads\/2022\/10\/terrasse-1024x356.jpg\" alt=\"\" class=\"wp-image-126\" srcset=\"https:\/\/ehpad-mandelieu.fr\/wp-content\/uploads\/2022\/10\/terrasse-1024x356.jpg 1024w, https:\/\/ehpad-mandelieu.fr\/wp-content\/uploads\/2022\/10\/terrasse-300x104.jpg 300w, https:\/\/ehpad-mandelieu.fr\/wp-content\/uploads\/2022\/10\/terrasse-768x267.jpg 768w, https:\/\/ehpad-mandelieu.fr\/wp-content\/uploads\/2022\/10\/terrasse-150x52.jpg 150w, https:\/\/ehpad-mandelieu.fr\/wp-content\/uploads\/2022\/10\/terrasse.jpg 1180w\" sizes=\"auto, (max-width: 1024px) 100vw, 1024px\" \/><\/figure>\n<\/div>\n\n\n<h1 class=\"wp-block-heading has-text-align-center\">L\u2019Ehpad Floribunda<\/h1>\n\n\n\n<p>Cet \u00e9tablissement public m\u00e9dicalis\u00e9 accueille les personnes \u00e2g\u00e9es d\u00e9pendantes ou semi d\u00e9pendantes de plus de 60 ans. Il a une capacit\u00e9 de 80 lits et est habilit\u00e9 \u00e0 l\u2019aide sociale.<br>Une \u00e9quipe pluridisciplinaire (directrice, m\u00e9decin coordonnateur, m\u00e9decin traitant, infirmi\u00e8re coordinatrice, infirmi\u00e8res, aide-soignantes, psychologue, ergoth\u00e9rapeute, agents h\u00f4teliers\u2026) \u00e9labore avec le r\u00e9sident et sa famille un projet de vie et de soins individualis\u00e9 r\u00e9\u00e9valu\u00e9 r\u00e9guli\u00e8rement en fonction de l\u2019\u00e9volution de l\u2019\u00e9tat g\u00e9n\u00e9ral.<br>Une \u00e9quipe d\u2019animation propose tout au long de la journ\u00e9e diverses activit\u00e9s (sorties, musique, jardinage, cr\u00e9ations manuelles, jeux de soci\u00e9t\u00e9\u2026) Des intervenants ext\u00e9rieurs (chant, th\u00e9\u00e2tre, zooth\u00e9rapie, art th\u00e9rapie, bien-\u00eatre) organisent r\u00e9guli\u00e8rement des ateliers th\u00e9rapeutiques. Des soins esth\u00e9tiques payants (coiffeurs, p\u00e9dicure) sont \u00e0 la disposition des r\u00e9sidents<\/p>\n\n\n\n<h3 class=\"wp-block-heading\"><\/h3>\n\n\n\n<p><\/p>\n\n\n\n<p><br><\/p>\n\n\n\n<div class=\"wp-block-buttons background-color: #d1ab5a; is-layout-flex wp-block-buttons-is-layout-flex\">\n<div class=\"wp-block-button aligncenter\"><a class=\"wp-block-button__link wp-element-button\" href=\"https:\/\/www.youtube.com\/watch?v=Io05ZZwZzOg\">Vid\u00e9o de l&rsquo;Ehpad \u00ab\u00a0Floribunda\u00a0\u00bb<\/a><\/div>\n<\/div>\n\n\n\n<div style=\"height:9px\" aria-hidden=\"true\" class=\"wp-block-spacer\"><\/div>\n\n\n\n<div class=\"wp-block-buttons is-content-justification-center is-layout-flex wp-container-core-buttons-is-layout-16018d1d wp-block-buttons-is-layout-flex\">\n<div class=\"wp-block-button\"><a class=\"wp-block-button__link wp-element-button\" href=\"https:\/\/virtualtoureasy.com\/tour\/viewer\/index.html?v=z4quWJ3PGS6ns8OYRQHa\">Visite virtuelle de l&rsquo;Ehpad \u00ab\u00a0Floribunda\u00a0\u00bb<\/a><\/div>\n<\/div>\n\n\n\n<div style=\"height:50px\" aria-hidden=\"true\" class=\"wp-block-spacer\"><\/div>\n\n\n\n<h1 class=\"wp-block-heading has-text-align-center\">Constitution de votre dossier d&rsquo;admission<\/h1>\n\n\n\n<div style=\"height:18px\" aria-hidden=\"true\" class=\"wp-block-spacer\"><\/div>\n\n\n\n<p><\/p>\n\n\n\n<p class=\"has-text-align-center\">L\u2019inscription pour une entr\u00e9e \u00e0 la R\u00e9sidence Floribunda passe dor\u00e9navant par le biais du site national \u2013 gratuit et s\u00e9curis\u00e9 &#8211; ViaTrajectoire. Simple et d\u00e9mat\u00e9rialis\u00e9, il permettra de se positionner en liste d\u2019attente. Ainsi, apr\u00e8s avoir cr\u00e9\u00e9 un profil, saisi une recherche, il sera possible de s\u2019inscrire et de consulter l\u2019avanc\u00e9e de votre dossier. ViaTrajectoire alertera les \u00e9tablissements correspondants aux crit\u00e8res de s\u00e9lection. D\u00e8s qu\u2019une possibilit\u00e9 d\u2019admission sera connue, le demandeur sera contact\u00e9.<br>A noter &#8211; Pour les renouvellements d\u2019inscription : si un dossier de demande d\u2019admission aupr\u00e8s de la R\u00e9sidence Floribunda a \u00e9t\u00e9 d\u00e9pos\u00e9, il est n\u00e9cessaire d\u2019actualiser celle-ci sur le site ViaTrajectoire. <br><\/p>\n\n\n\n<div class=\"wp-block-buttons is-content-justification-center is-layout-flex wp-container-core-buttons-is-layout-16018d1d wp-block-buttons-is-layout-flex\">\n<div class=\"wp-block-button\"><a class=\"wp-block-button__link wp-element-button\" href=\"https:\/\/trajectoire.sante-ra.fr\/GrandAge\/Pages\/Public\/Accueil.aspx\" target=\"_blank\" rel=\"noreferrer noopener\">Le site Via Trajectoire<\/a><\/div>\n<\/div>\n","protected":false},"excerpt":{"rendered":"<p>L\u2019Ehpad Floribunda Cet \u00e9tablissement public m\u00e9dicalis\u00e9 accueille les personnes \u00e2g\u00e9es d\u00e9pendantes ou semi d\u00e9pendantes de plus de 60 ans. Il a une capacit\u00e9 de 80 lits et est habilit\u00e9 \u00e0 l\u2019aide sociale.Une \u00e9quipe pluridisciplinaire (directrice, m\u00e9decin coordonnateur, m\u00e9decin traitant, infirmi\u00e8re coordinatrice, infirmi\u00e8res, aide-soignantes, psychologue, ergoth\u00e9rapeute, agents h\u00f4teliers\u2026) \u00e9labore avec le&#8230;<\/p>\n<p class=\"continue-reading-button\"> <a class=\"continue-reading-link\" href=\"https:\/\/ehpad-mandelieu.fr\/\">Continue reading<i class=\"crycon-right-dir\"><\/i><\/a><\/p>\n","protected":false},"author":1,"featured_media":0,"parent":0,"menu_order":0,"comment_status":"closed","ping_status":"closed","template":"","meta":{"footnotes":""},"class_list":["post-400","page","type-page","status-publish","hentry"],"_links":{"self":[{"href":"https:\/\/ehpad-mandelieu.fr\/index.php\/wp-json\/wp\/v2\/pages\/400","targetHints":{"allow":["GET"]}}],"collection":[{"href":"https:\/\/ehpad-mandelieu.fr\/index.php\/wp-json\/wp\/v2\/pages"}],"about":[{"href":"https:\/\/ehpad-mandelieu.fr\/index.php\/wp-json\/wp\/v2\/types\/page"}],"author":[{"embeddable":true,"href":"https:\/\/ehpad-mandelieu.fr\/index.php\/wp-json\/wp\/v2\/users\/1"}],"replies":[{"embeddable":true,"href":"https:\/\/ehpad-mandelieu.fr\/index.php\/wp-json\/wp\/v2\/comments?post=400"}],"version-history":[{"count":16,"href":"https:\/\/ehpad-mandelieu.fr\/index.php\/wp-json\/wp\/v2\/pages\/400\/revisions"}],"predecessor-version":[{"id":579,"href":"https:\/\/ehpad-mandelieu.fr\/index.php\/wp-json\/wp\/v2\/pages\/400\/revisions\/579"}],"wp:attachment":[{"href":"https:\/\/ehpad-mandelieu.fr\/index.php\/wp-json\/wp\/v2\/media?parent=400"}],"curies":[{"name":"wp","href":"https:\/\/api.w.org\/{rel}","templated":true}]}}